{"id":1025,"date":"2022-04-08T19:41:19","date_gmt":"2022-04-08T19:41:19","guid":{"rendered":"https:\/\/southmeridian.com.br\/south\/?post_type=product&#038;p=1025"},"modified":"2023-08-05T21:43:11","modified_gmt":"2023-08-05T21:43:11","slug":"kawasaki-versys-1000-2013","status":"publish","type":"product","link":"https:\/\/southmeridian.com.br\/south\/produto\/kawasaki-versys-1000-2013\/","title":{"rendered":"Kawasaki Versys 1000 2013"},"content":{"rendered":"<p>Sucata de moto para retirada de pe\u00e7as, todas as pe\u00e7as com proced\u00eancia, NF e garantia!<\/p>\n","protected":false},"excerpt":{"rendered":"<p>Sucata de moto para retirada de pe\u00e7as, todas as pe\u00e7as com proced\u00eancia, NF e garantia!<\/p>\n","protected":false},"featured_media":1026,"comment_status":"open","ping_status":"closed","template":"","meta":{"site-sidebar-layout":"default","site-content-layout":"default","ast-main-header-display":"","ast-hfb-above-header-display":"","ast-hfb-below-header-display":"","ast-hfb-mobile-header-display":"","site-post-title":"","ast-breadcrumbs-content":"","ast-featured-img":"","footer-sml-layout":"","theme-transparent-header-meta":"","adv-header-id-meta":"","stick-header-meta":"","header-above-stick-meta":"","header-main-stick-meta":"","header-below-stick-meta":""},"product_brand":[],"product_cat":[35],"product_tag":[],"class_list":{"0":"post-1025","1":"product","2":"type-product","3":"status-publish","4":"has-post-thumbnail","6":"product_cat-kawasaki","8":"first","9":"instock","10":"shipping-taxable","11":"purchasable","12":"product-type-simple"},"_links":{"self":[{"href":"https:\/\/southmeridian.com.br\/south\/wp-json\/wp\/v2\/product\/1025","targetHints":{"allow":["GET"]}}],"collection":[{"href":"https:\/\/southmeridian.com.br\/south\/wp-json\/wp\/v2\/product"}],"about":[{"href":"https:\/\/southmeridian.com.br\/south\/wp-json\/wp\/v2\/types\/product"}],"replies":[{"embeddable":true,"href":"https:\/\/southmeridian.com.br\/south\/wp-json\/wp\/v2\/comments?post=1025"}],"wp:featuredmedia":[{"embeddable":true,"href":"https:\/\/southmeridian.com.br\/south\/wp-json\/wp\/v2\/media\/1026"}],"wp:attachment":[{"href":"https:\/\/southmeridian.com.br\/south\/wp-json\/wp\/v2\/media?parent=1025"}],"wp:term":[{"taxonomy":"product_brand","embeddable":true,"href":"https:\/\/southmeridian.com.br\/south\/wp-json\/wp\/v2\/product_brand?post=1025"},{"taxonomy":"product_cat","embeddable":true,"href":"https:\/\/southmeridian.com.br\/south\/wp-json\/wp\/v2\/product_cat?post=1025"},{"taxonomy":"product_tag","embeddable":true,"href":"https:\/\/southmeridian.com.br\/south\/wp-json\/wp\/v2\/product_tag?post=1025"}],"curies":[{"name":"wp","href":"https:\/\/api.w.org\/{rel}","templated":true}]}}