{"id":290,"date":"2022-03-09T12:53:57","date_gmt":"2022-03-09T12:53:57","guid":{"rendered":"https:\/\/southmeridian.com.br\/south\/?post_type=product&#038;p=290"},"modified":"2022-03-09T12:53:57","modified_gmt":"2022-03-09T12:53:57","slug":"kit-de-carenagens-bmw-s1000-rr-2021","status":"publish","type":"product","link":"https:\/\/southmeridian.com.br\/south\/produto\/kit-de-carenagens-bmw-s1000-rr-2021\/","title":{"rendered":"Kit de carenagens BMW S1000 RR 2021"},"content":{"rendered":"<p>Kit original usado, com proced\u00eancia, pe\u00e7as em perfeito estado de conserva\u00e7\u00e3o!<\/p>\n","protected":false},"excerpt":{"rendered":"<p>Kit original usado, com proced\u00eancia, pe\u00e7as em perfeito estado de conserva\u00e7\u00e3o!<\/p>\n","protected":false},"featured_media":300,"comment_status":"open","ping_status":"closed","template":"","meta":{"site-sidebar-layout":"default","site-content-layout":"default","ast-main-header-display":"","ast-hfb-above-header-display":"","ast-hfb-below-header-display":"","ast-hfb-mobile-header-display":"","site-post-title":"","ast-breadcrumbs-content":"","ast-featured-img":"","footer-sml-layout":"","theme-transparent-header-meta":"","adv-header-id-meta":"","stick-header-meta":"","header-above-stick-meta":"","header-main-stick-meta":"","header-below-stick-meta":""},"product_brand":[],"product_cat":[36],"product_tag":[],"class_list":{"0":"post-290","1":"product","2":"type-product","3":"status-publish","4":"has-post-thumbnail","6":"product_cat-bmw","8":"first","9":"instock","10":"shipping-taxable","11":"purchasable","12":"product-type-simple"},"_links":{"self":[{"href":"https:\/\/southmeridian.com.br\/south\/wp-json\/wp\/v2\/product\/290","targetHints":{"allow":["GET"]}}],"collection":[{"href":"https:\/\/southmeridian.com.br\/south\/wp-json\/wp\/v2\/product"}],"about":[{"href":"https:\/\/southmeridian.com.br\/south\/wp-json\/wp\/v2\/types\/product"}],"replies":[{"embeddable":true,"href":"https:\/\/southmeridian.com.br\/south\/wp-json\/wp\/v2\/comments?post=290"}],"wp:featuredmedia":[{"embeddable":true,"href":"https:\/\/southmeridian.com.br\/south\/wp-json\/wp\/v2\/media\/300"}],"wp:attachment":[{"href":"https:\/\/southmeridian.com.br\/south\/wp-json\/wp\/v2\/media?parent=290"}],"wp:term":[{"taxonomy":"product_brand","embeddable":true,"href":"https:\/\/southmeridian.com.br\/south\/wp-json\/wp\/v2\/product_brand?post=290"},{"taxonomy":"product_cat","embeddable":true,"href":"https:\/\/southmeridian.com.br\/south\/wp-json\/wp\/v2\/product_cat?post=290"},{"taxonomy":"product_tag","embeddable":true,"href":"https:\/\/southmeridian.com.br\/south\/wp-json\/wp\/v2\/product_tag?post=290"}],"curies":[{"name":"wp","href":"https:\/\/api.w.org\/{rel}","templated":true}]}}