{"id":597,"date":"2022-03-18T12:01:00","date_gmt":"2022-03-18T12:01:00","guid":{"rendered":"https:\/\/southmeridian.com.br\/south\/?post_type=product&#038;p=597"},"modified":"2022-03-18T12:01:01","modified_gmt":"2022-03-18T12:01:01","slug":"ducati-multistrada-1100-2007","status":"publish","type":"product","link":"https:\/\/southmeridian.com.br\/south\/produto\/ducati-multistrada-1100-2007\/","title":{"rendered":"DUCATI MULTISTRADA 1100 2007"},"content":{"rendered":"<p>Sucata de moto para retirada de pe\u00e7as, todas as pe\u00e7as com proced\u00eancia, NF e garantia!<\/p>\n","protected":false},"excerpt":{"rendered":"<p>Sucata de moto para retirada de pe\u00e7as, todas as pe\u00e7as com proced\u00eancia, NF e garantia!<\/p>\n","protected":false},"featured_media":601,"comment_status":"open","ping_status":"closed","template":"","meta":{"site-sidebar-layout":"default","site-content-layout":"default","ast-main-header-display":"","ast-hfb-above-header-display":"","ast-hfb-below-header-display":"","ast-hfb-mobile-header-display":"","site-post-title":"","ast-breadcrumbs-content":"","ast-featured-img":"","footer-sml-layout":"","theme-transparent-header-meta":"","adv-header-id-meta":"","stick-header-meta":"","header-above-stick-meta":"","header-main-stick-meta":"","header-below-stick-meta":""},"product_brand":[],"product_cat":[37],"product_tag":[],"class_list":{"0":"post-597","1":"product","2":"type-product","3":"status-publish","4":"has-post-thumbnail","6":"product_cat-ducati","8":"first","9":"instock","10":"shipping-taxable","11":"purchasable","12":"product-type-simple"},"_links":{"self":[{"href":"https:\/\/southmeridian.com.br\/south\/wp-json\/wp\/v2\/product\/597","targetHints":{"allow":["GET"]}}],"collection":[{"href":"https:\/\/southmeridian.com.br\/south\/wp-json\/wp\/v2\/product"}],"about":[{"href":"https:\/\/southmeridian.com.br\/south\/wp-json\/wp\/v2\/types\/product"}],"replies":[{"embeddable":true,"href":"https:\/\/southmeridian.com.br\/south\/wp-json\/wp\/v2\/comments?post=597"}],"wp:featuredmedia":[{"embeddable":true,"href":"https:\/\/southmeridian.com.br\/south\/wp-json\/wp\/v2\/media\/601"}],"wp:attachment":[{"href":"https:\/\/southmeridian.com.br\/south\/wp-json\/wp\/v2\/media?parent=597"}],"wp:term":[{"taxonomy":"product_brand","embeddable":true,"href":"https:\/\/southmeridian.com.br\/south\/wp-json\/wp\/v2\/product_brand?post=597"},{"taxonomy":"product_cat","embeddable":true,"href":"https:\/\/southmeridian.com.br\/south\/wp-json\/wp\/v2\/product_cat?post=597"},{"taxonomy":"product_tag","embeddable":true,"href":"https:\/\/southmeridian.com.br\/south\/wp-json\/wp\/v2\/product_tag?post=597"}],"curies":[{"name":"wp","href":"https:\/\/api.w.org\/{rel}","templated":true}]}}