{"id":789,"date":"2022-03-18T17:58:27","date_gmt":"2022-03-18T17:58:27","guid":{"rendered":"https:\/\/southmeridian.com.br\/south\/?post_type=product&#038;p=789"},"modified":"2022-03-18T17:58:27","modified_gmt":"2022-03-18T17:58:27","slug":"kawasaki-ninja-650-2014","status":"publish","type":"product","link":"https:\/\/southmeridian.com.br\/south\/produto\/kawasaki-ninja-650-2014\/","title":{"rendered":"KAWASAKI NINJA 650 2014"},"content":{"rendered":"<p>Sucata de moto para retirada de pe\u00e7as, todas as pe\u00e7as com proced\u00eancia, NF e garantia!<\/p>\n","protected":false},"excerpt":{"rendered":"<p>Sucata de moto para retirada de pe\u00e7as, todas as pe\u00e7as com proced\u00eancia, NF e garantia!<\/p>\n","protected":false},"featured_media":794,"comment_status":"open","ping_status":"closed","template":"","meta":{"site-sidebar-layout":"default","site-content-layout":"default","ast-main-header-display":"","ast-hfb-above-header-display":"","ast-hfb-below-header-display":"","ast-hfb-mobile-header-display":"","site-post-title":"","ast-breadcrumbs-content":"","ast-featured-img":"","footer-sml-layout":"","theme-transparent-header-meta":"","adv-header-id-meta":"","stick-header-meta":"","header-above-stick-meta":"","header-main-stick-meta":"","header-below-stick-meta":""},"product_brand":[],"product_cat":[35],"product_tag":[],"class_list":{"0":"post-789","1":"product","2":"type-product","3":"status-publish","4":"has-post-thumbnail","6":"product_cat-kawasaki","8":"first","9":"instock","10":"shipping-taxable","11":"purchasable","12":"product-type-simple"},"_links":{"self":[{"href":"https:\/\/southmeridian.com.br\/south\/wp-json\/wp\/v2\/product\/789","targetHints":{"allow":["GET"]}}],"collection":[{"href":"https:\/\/southmeridian.com.br\/south\/wp-json\/wp\/v2\/product"}],"about":[{"href":"https:\/\/southmeridian.com.br\/south\/wp-json\/wp\/v2\/types\/product"}],"replies":[{"embeddable":true,"href":"https:\/\/southmeridian.com.br\/south\/wp-json\/wp\/v2\/comments?post=789"}],"wp:featuredmedia":[{"embeddable":true,"href":"https:\/\/southmeridian.com.br\/south\/wp-json\/wp\/v2\/media\/794"}],"wp:attachment":[{"href":"https:\/\/southmeridian.com.br\/south\/wp-json\/wp\/v2\/media?parent=789"}],"wp:term":[{"taxonomy":"product_brand","embeddable":true,"href":"https:\/\/southmeridian.com.br\/south\/wp-json\/wp\/v2\/product_brand?post=789"},{"taxonomy":"product_cat","embeddable":true,"href":"https:\/\/southmeridian.com.br\/south\/wp-json\/wp\/v2\/product_cat?post=789"},{"taxonomy":"product_tag","embeddable":true,"href":"https:\/\/southmeridian.com.br\/south\/wp-json\/wp\/v2\/product_tag?post=789"}],"curies":[{"name":"wp","href":"https:\/\/api.w.org\/{rel}","templated":true}]}}