{"id":842,"date":"2022-03-18T19:12:03","date_gmt":"2022-03-18T19:12:03","guid":{"rendered":"https:\/\/southmeridian.com.br\/south\/?post_type=product&#038;p=842"},"modified":"2022-03-18T19:12:03","modified_gmt":"2022-03-18T19:12:03","slug":"painel-bmw-s1000-rr-hp4","status":"publish","type":"product","link":"https:\/\/southmeridian.com.br\/south\/produto\/painel-bmw-s1000-rr-hp4\/","title":{"rendered":"Painel BMW S1000 RR HP4"},"content":{"rendered":"<p>Observa\u00e7\u00f5es:<br \/>\n* Fotos reais do produto anunciado<br \/>\n* Favor olhar atentamente as fotos e detalhes antes de realizar a compra.<br \/>\n* Alguns produtos podem apresentar varia\u00e7\u00e3o na tonalidade de cor.<\/p>\n<p>PRODUTO USADO original<\/p>\n<p>CONSULTE EM ESTOQUE<\/p>\n<p>TIRE SUAS D\u00daVIDAS<\/p>\n<p>PRODUTO COM GARANTIA DE FUNCIONAMENTO<\/p>\n<p>Pe\u00e7a com proced\u00eancia<\/p>\n<p>TRABALHAMOS COM TODO TIPO DE PE\u00c7AS de moto acima de 500cc<\/p>\n","protected":false},"excerpt":{"rendered":"<p>Observa\u00e7\u00f5es: * Fotos reais do produto anunciado * Favor olhar atentamente as fotos e detalhes antes de realizar a compra. * Alguns produtos podem apresentar varia\u00e7\u00e3o na tonalidade de cor. PRODUTO USADO original CONSULTE EM ESTOQUE TIRE SUAS D\u00daVIDAS PRODUTO COM GARANTIA DE FUNCIONAMENTO Pe\u00e7a com proced\u00eancia TRABALHAMOS COM TODO TIPO DE PE\u00c7AS de moto &hellip;<\/p>\n<p class=\"read-more\"> <a class=\"\" href=\"https:\/\/southmeridian.com.br\/south\/produto\/painel-bmw-s1000-rr-hp4\/\"> <span class=\"screen-reader-text\">Painel BMW S1000 RR HP4<\/span> Leia mais &raquo;<\/a><\/p>\n","protected":false},"featured_media":844,"comment_status":"open","ping_status":"closed","template":"","meta":{"site-sidebar-layout":"default","site-content-layout":"default","ast-main-header-display":"","ast-hfb-above-header-display":"","ast-hfb-below-header-display":"","ast-hfb-mobile-header-display":"","site-post-title":"","ast-breadcrumbs-content":"","ast-featured-img":"","footer-sml-layout":"","theme-transparent-header-meta":"","adv-header-id-meta":"","stick-header-meta":"","header-above-stick-meta":"","header-main-stick-meta":"","header-below-stick-meta":""},"product_brand":[],"product_cat":[36],"product_tag":[],"class_list":{"0":"post-842","1":"product","2":"type-product","3":"status-publish","4":"has-post-thumbnail","6":"product_cat-bmw","8":"first","9":"instock","10":"shipping-taxable","11":"purchasable","12":"product-type-simple"},"_links":{"self":[{"href":"https:\/\/southmeridian.com.br\/south\/wp-json\/wp\/v2\/product\/842","targetHints":{"allow":["GET"]}}],"collection":[{"href":"https:\/\/southmeridian.com.br\/south\/wp-json\/wp\/v2\/product"}],"about":[{"href":"https:\/\/southmeridian.com.br\/south\/wp-json\/wp\/v2\/types\/product"}],"replies":[{"embeddable":true,"href":"https:\/\/southmeridian.com.br\/south\/wp-json\/wp\/v2\/comments?post=842"}],"wp:featuredmedia":[{"embeddable":true,"href":"https:\/\/southmeridian.com.br\/south\/wp-json\/wp\/v2\/media\/844"}],"wp:attachment":[{"href":"https:\/\/southmeridian.com.br\/south\/wp-json\/wp\/v2\/media?parent=842"}],"wp:term":[{"taxonomy":"product_brand","embeddable":true,"href":"https:\/\/southmeridian.com.br\/south\/wp-json\/wp\/v2\/product_brand?post=842"},{"taxonomy":"product_cat","embeddable":true,"href":"https:\/\/southmeridian.com.br\/south\/wp-json\/wp\/v2\/product_cat?post=842"},{"taxonomy":"product_tag","embeddable":true,"href":"https:\/\/southmeridian.com.br\/south\/wp-json\/wp\/v2\/product_tag?post=842"}],"curies":[{"name":"wp","href":"https:\/\/api.w.org\/{rel}","templated":true}]}}